{"id":3,"date":"2025-01-14T15:20:08","date_gmt":"2025-01-14T07:20:08","guid":{"rendered":"https:\/\/aobospecialsteel.com\/?page_id=3"},"modified":"2025-11-07T16:49:59","modified_gmt":"2025-11-07T08:49:59","slug":"privacy-policy","status":"publish","type":"page","link":"https:\/\/aobosteel.com\/es\/privacy-policy\/","title":{"rendered":"pol\u00edtica de privacidad"},"content":{"rendered":"<p><strong>Para:<\/strong>&nbsp;Aobo Steel (www.aobosteel.com)<br><strong>\u00daltima actualizaci\u00f3n:<\/strong>&nbsp;7 de noviembre de 2025<\/p>\n\n\n\n<p>Esta Pol\u00edtica de Privacidad explica c\u00f3mo Aobo Steel (\u201cnosotros\u201d, \u201cnos\u201d o \u201cnuestro\u201d) recopila, utiliza y protege la informaci\u00f3n personal que usted nos proporciona, en particular a trav\u00e9s de nuestros Formularios de Clientes Potenciales de Google Ads.<\/p>\n\n\n\n<h2 class=\"wp-block-heading\" id=\"h-1-information-we-collect\">1. Informaci\u00f3n que recopilamos<\/h2>\n\n\n\n<p>Cuando usted env\u00eda un formulario de contacto para solicitar un presupuesto o informaci\u00f3n, recopilamos la siguiente informaci\u00f3n personal:<\/p>\n\n\n\n<ul class=\"wp-block-list\">\n<li>Nombre<\/li>\n\n\n\n<li>Direcci\u00f3n de correo electr\u00f3nico<\/li>\n\n\n\n<li>N\u00famero de tel\u00e9fono (opcional)<\/li>\n\n\n\n<li>Cualquier otra informaci\u00f3n que usted proporcione voluntariamente en su consulta.<\/li>\n<\/ul>\n\n\n\n<h2 class=\"wp-block-heading\" id=\"h-2-how-we-use-your-information\">2. C\u00f3mo utilizamos su informaci\u00f3n<\/h2>\n\n\n\n<p>La informaci\u00f3n que recopilamos se utiliza exclusivamente para los siguientes fines comerciales:<\/p>\n\n\n\n<ul class=\"wp-block-list\">\n<li>Para responder a sus consultas y proporcionarle la mejor cotizaci\u00f3n para nuestros productos de acero para herramientas (como D2, H13, etc.).<\/li>\n\n\n\n<li>Para comunicarnos con usted en relaci\u00f3n con su solicitud, detalles del pedido (por ejemplo, pedido m\u00ednimo de 5 toneladas) y plazos de entrega.<\/li>\n\n\n\n<li>Para fines internos de ventas y gesti\u00f3n de relaciones con los clientes (CRM).<\/li>\n<\/ul>\n\n\n\n<h2 class=\"wp-block-heading\" id=\"h-3-data-sharing-and-disclosure\">3. Intercambio y divulgaci\u00f3n de datos<\/h2>\n\n\n\n<p>No vendemos, intercambiamos ni alquilamos su informaci\u00f3n personal a terceros con fines de marketing. Su informaci\u00f3n es utilizada exclusivamente por el equipo de ventas y soporte t\u00e9cnico de Aobo Steel para gestionar su solicitud comercial.<\/p>\n\n\n\n<h2 class=\"wp-block-heading\" id=\"h-4-data-security\">4. Seguridad de los datos<\/h2>\n\n\n\n<p>Implementamos medidas t\u00e9cnicas y administrativas razonables para proteger su informaci\u00f3n personal contra el acceso, uso o divulgaci\u00f3n no autorizados.<\/p>\n\n\n\n<h2 class=\"wp-block-heading\" id=\"h-5-contact-us\">5. Cont\u00e1ctanos<\/h2>\n\n\n\n<p>Si tiene alguna pregunta sobre esta Pol\u00edtica de Privacidad, o si desea acceder, corregir o solicitar la eliminaci\u00f3n de su informaci\u00f3n, p\u00f3ngase en contacto con nosotros a trav\u00e9s de los datos de contacto que figuran en nuestro sitio web oficial.<\/p>\n\n\n\n<p><a href=\"https:\/\/aobosteel.com\/es\/\">www.aobosteel.com<\/a><\/p>","protected":false},"excerpt":{"rendered":"<p>For:&nbsp;Aobo Steel (www.aobosteel.com)Last Updated:&nbsp;November 7, 2025 This Privacy Policy explains how Aobo Steel (&#8220;we,&#8221; &#8220;us,&#8221; or &#8220;our&#8221;) collects, uses, and protects the personal information you provide to us, particularly through our Google Ads Lead Forms. 1. Information We Collect When you submit a lead form to request a quotation or information, we collect the following [&hellip;]<\/p>\n","protected":false},"author":1,"featured_media":0,"parent":0,"menu_order":0,"comment_status":"closed","ping_status":"open","template":"","meta":{"content-type":"","_uag_custom_page_level_css":"","site-sidebar-layout":"default","site-content-layout":"","ast-site-content-layout":"default","site-content-style":"default","site-sidebar-style":"default","ast-global-header-display":"","ast-banner-title-visibility":"","ast-main-header-display":"","ast-hfb-above-header-display":"","ast-hfb-below-header-display":"","ast-hfb-mobile-header-display":"","site-post-title":"","ast-breadcrumbs-content":"","ast-featured-img":"","footer-sml-layout":"","ast-disable-related-posts":"","theme-transparent-header-meta":"","adv-header-id-meta":"","stick-header-meta":"","header-above-stick-meta":"","header-main-stick-meta":"","header-below-stick-meta":"","astra-migrate-meta-layouts":"set","ast-page-background-enabled":"default","ast-page-background-meta":{"desktop":{"background-color":"","background-image":"","background-repeat":"repeat","background-position":"center center","background-size":"auto","background-attachment":"scroll","background-type":"","background-media":"","overlay-type":"","overlay-color":"","overlay-opacity":"","overlay-gradient":""},"tablet":{"background-color":"","background-image":"","background-repeat":"repeat","background-position":"center center","background-size":"auto","background-attachment":"scroll","background-type":"","background-media":"","overlay-type":"","overlay-color":"","overlay-opacity":"","overlay-gradient":""},"mobile":{"background-color":"","background-image":"","background-repeat":"repeat","background-position":"center center","background-size":"auto","background-attachment":"scroll","background-type":"","background-media":"","overlay-type":"","overlay-color":"","overlay-opacity":"","overlay-gradient":""}},"ast-content-background-meta":{"desktop":{"background-color":"var(--ast-global-color-5)","background-image":"","background-repeat":"repeat","background-position":"center center","background-size":"auto","background-attachment":"scroll","background-type":"","background-media":"","overlay-type":"","overlay-color":"","overlay-opacity":"","overlay-gradient":""},"tablet":{"background-color":"var(--ast-global-color-5)","background-image":"","background-repeat":"repeat","background-position":"center center","background-size":"auto","background-attachment":"scroll","background-type":"","background-media":"","overlay-type":"","overlay-color":"","overlay-opacity":"","overlay-gradient":""},"mobile":{"background-color":"var(--ast-global-color-5)","background-image":"","background-repeat":"repeat","background-position":"center center","background-size":"auto","background-attachment":"scroll","background-type":"","background-media":"","overlay-type":"","overlay-color":"","overlay-opacity":"","overlay-gradient":""}},"footnotes":""},"class_list":["post-3","page","type-page","status-publish","hentry"],"yoast_head":"<!-- This site is optimized with the Yoast SEO Premium plugin v27.5 (Yoast SEO v27.5) - https:\/\/yoast.com\/product\/yoast-seo-premium-wordpress\/ -->\n<title>Privacy Policy - AoboSteel<\/title>\n<meta name=\"robots\" content=\"index, follow, max-snippet:-1, max-image-preview:large, max-video-preview:-1\" \/>\n<link rel=\"canonical\" href=\"https:\/\/aobosteel.com\/es\/privacy-policy\/\" \/>\n<meta property=\"og:locale\" content=\"es_MX\" \/>\n<meta property=\"og:type\" content=\"article\" \/>\n<meta property=\"og:title\" content=\"Privacy Policy\" \/>\n<meta property=\"og:description\" content=\"For:&nbsp;Aobo Steel (www.aobosteel.com)Last Updated:&nbsp;November 7, 2025 This Privacy Policy explains how Aobo Steel (&#8220;we,&#8221; &#8220;us,&#8221; or &#8220;our&#8221;) collects, uses, and protects the personal information you provide to us, particularly through our Google Ads Lead Forms. 1. Information We Collect When you submit a lead form to request a quotation or information, we collect the following [&hellip;]\" \/>\n<meta property=\"og:url\" content=\"https:\/\/aobosteel.com\/es\/privacy-policy\/\" \/>\n<meta property=\"og:site_name\" content=\"AoboSteel\" \/>\n<meta property=\"article:publisher\" content=\"https:\/\/www.facebook.com\/profile.php?id=61565368220197\" \/>\n<meta property=\"article:modified_time\" content=\"2025-11-07T08:49:59+00:00\" \/>\n<meta name=\"twitter:card\" content=\"summary_large_image\" \/>\n<meta name=\"twitter:label1\" content=\"Tiempo de lectura\" \/>\n\t<meta name=\"twitter:data1\" content=\"1 minuto\" \/>\n<script type=\"application\/ld+json\" class=\"yoast-schema-graph\">{\"@context\":\"https:\\\/\\\/schema.org\",\"@graph\":[{\"@type\":\"TechArticle\",\"@id\":\"https:\\\/\\\/aobosteel.com\\\/privacy-policy\\\/#article\",\"isPartOf\":{\"@id\":\"https:\\\/\\\/aobosteel.com\\\/privacy-policy\\\/\"},\"author\":{\"name\":\"Evan\",\"@id\":\"https:\\\/\\\/aobosteel.com\\\/#\\\/schema\\\/person\\\/96118415c30ca6bb52eaf1127b052ef7\"},\"headline\":\"Privacy Policy\",\"datePublished\":\"2025-01-14T07:20:08+00:00\",\"dateModified\":\"2025-11-07T08:49:59+00:00\",\"mainEntityOfPage\":{\"@id\":\"https:\\\/\\\/aobosteel.com\\\/privacy-policy\\\/\"},\"wordCount\":239,\"publisher\":{\"@id\":\"https:\\\/\\\/aobosteel.com\\\/#organization\"},\"inLanguage\":\"es\"},{\"@type\":\"WebPage\",\"@id\":\"https:\\\/\\\/aobosteel.com\\\/privacy-policy\\\/\",\"url\":\"https:\\\/\\\/aobosteel.com\\\/privacy-policy\\\/\",\"name\":\"Privacy Policy - AoboSteel\",\"isPartOf\":{\"@id\":\"https:\\\/\\\/aobosteel.com\\\/#website\"},\"datePublished\":\"2025-01-14T07:20:08+00:00\",\"dateModified\":\"2025-11-07T08:49:59+00:00\",\"breadcrumb\":{\"@id\":\"https:\\\/\\\/aobosteel.com\\\/privacy-policy\\\/#breadcrumb\"},\"inLanguage\":\"es\",\"potentialAction\":[{\"@type\":\"ReadAction\",\"target\":[\"https:\\\/\\\/aobosteel.com\\\/privacy-policy\\\/\"]}]},{\"@type\":\"BreadcrumbList\",\"@id\":\"https:\\\/\\\/aobosteel.com\\\/privacy-policy\\\/#breadcrumb\",\"itemListElement\":[{\"@type\":\"ListItem\",\"position\":1,\"name\":\"\u9996\u9875\",\"item\":\"https:\\\/\\\/aobosteel.com\\\/\"},{\"@type\":\"ListItem\",\"position\":2,\"name\":\"Privacy Policy\"}]},{\"@type\":\"WebSite\",\"@id\":\"https:\\\/\\\/aobosteel.com\\\/#website\",\"url\":\"https:\\\/\\\/aobosteel.com\\\/\",\"name\":\"AoboSteel\",\"description\":\"\",\"publisher\":{\"@id\":\"https:\\\/\\\/aobosteel.com\\\/#organization\"},\"potentialAction\":[{\"@type\":\"SearchAction\",\"target\":{\"@type\":\"EntryPoint\",\"urlTemplate\":\"https:\\\/\\\/aobosteel.com\\\/?s={search_term_string}\"},\"query-input\":{\"@type\":\"PropertyValueSpecification\",\"valueRequired\":true,\"valueName\":\"search_term_string\"}}],\"inLanguage\":\"es\"},{\"@type\":\"Organization\",\"@id\":\"https:\\\/\\\/aobosteel.com\\\/#organization\",\"name\":\"AoboSteel\",\"url\":\"https:\\\/\\\/aobosteel.com\\\/\",\"logo\":{\"@type\":\"ImageObject\",\"inLanguage\":\"es\",\"@id\":\"https:\\\/\\\/aobosteel.com\\\/#\\\/schema\\\/logo\\\/image\\\/\",\"url\":\"https:\\\/\\\/aobosteel.com\\\/wp-content\\\/uploads\\\/2025\\\/01\\\/cropped-aobo-steel-1.avif\",\"contentUrl\":\"https:\\\/\\\/aobosteel.com\\\/wp-content\\\/uploads\\\/2025\\\/01\\\/cropped-aobo-steel-1.avif\",\"width\":1052,\"height\":592,\"caption\":\"AoboSteel\"},\"image\":{\"@id\":\"https:\\\/\\\/aobosteel.com\\\/#\\\/schema\\\/logo\\\/image\\\/\"},\"sameAs\":[\"https:\\\/\\\/www.facebook.com\\\/profile.php?id=61565368220197\",\"https:\\\/\\\/www.linkedin.com\\\/in\\\/aobosteel-evan\\\/\"]},{\"@type\":\"Person\",\"@id\":\"https:\\\/\\\/aobosteel.com\\\/#\\\/schema\\\/person\\\/96118415c30ca6bb52eaf1127b052ef7\",\"name\":\"Evan\",\"image\":{\"@type\":\"ImageObject\",\"inLanguage\":\"es\",\"@id\":\"https:\\\/\\\/secure.gravatar.com\\\/avatar\\\/8e402f2e6f36093f0bf1855dbf79269cde23cd659c44eefdd7ecf7ff9c05786f?s=96&d=mm&r=g\",\"url\":\"https:\\\/\\\/secure.gravatar.com\\\/avatar\\\/8e402f2e6f36093f0bf1855dbf79269cde23cd659c44eefdd7ecf7ff9c05786f?s=96&d=mm&r=g\",\"contentUrl\":\"https:\\\/\\\/secure.gravatar.com\\\/avatar\\\/8e402f2e6f36093f0bf1855dbf79269cde23cd659c44eefdd7ecf7ff9c05786f?s=96&d=mm&r=g\",\"caption\":\"Evan\"},\"sameAs\":[\"http:\\\/\\\/www.aobosteel.com\",\"https:\\\/\\\/www.facebook.com\\\/profile.php?id=61565368220197\",\"https:\\\/\\\/www.instagram.com\\\/aobosteel\\\/\",\"https:\\\/\\\/www.linkedin.com\\\/in\\\/aobosteel-evan\\\/\",\"https:\\\/\\\/x.com\\\/AobosteelEvan\",\"https:\\\/\\\/www.youtube.com\\\/@aobosteel\"],\"url\":\"https:\\\/\\\/aobosteel.com\\\/es\\\/author\\\/admin\\\/\"}]}<\/script>\n<!-- \/ Yoast SEO Premium plugin. -->","yoast_head_json":{"title":"Pol\u00edtica de privacidad - AoboSteel","robots":{"index":"index","follow":"follow","max-snippet":"max-snippet:-1","max-image-preview":"max-image-preview:large","max-video-preview":"max-video-preview:-1"},"canonical":"https:\/\/aobosteel.com\/es\/privacy-policy\/","og_locale":"es_MX","og_type":"article","og_title":"Privacy Policy","og_description":"For:&nbsp;Aobo Steel (www.aobosteel.com)Last Updated:&nbsp;November 7, 2025 This Privacy Policy explains how Aobo Steel (&#8220;we,&#8221; &#8220;us,&#8221; or &#8220;our&#8221;) collects, uses, and protects the personal information you provide to us, particularly through our Google Ads Lead Forms. 1. Information We Collect When you submit a lead form to request a quotation or information, we collect the following [&hellip;]","og_url":"https:\/\/aobosteel.com\/es\/privacy-policy\/","og_site_name":"AoboSteel","article_publisher":"https:\/\/www.facebook.com\/profile.php?id=61565368220197","article_modified_time":"2025-11-07T08:49:59+00:00","twitter_card":"summary_large_image","twitter_misc":{"Tiempo de lectura":"1 minuto"},"schema":{"@context":"https:\/\/schema.org","@graph":[{"@type":"TechArticle","@id":"https:\/\/aobosteel.com\/privacy-policy\/#article","isPartOf":{"@id":"https:\/\/aobosteel.com\/privacy-policy\/"},"author":{"name":"Evan","@id":"https:\/\/aobosteel.com\/#\/schema\/person\/96118415c30ca6bb52eaf1127b052ef7"},"headline":"Privacy Policy","datePublished":"2025-01-14T07:20:08+00:00","dateModified":"2025-11-07T08:49:59+00:00","mainEntityOfPage":{"@id":"https:\/\/aobosteel.com\/privacy-policy\/"},"wordCount":239,"publisher":{"@id":"https:\/\/aobosteel.com\/#organization"},"inLanguage":"es"},{"@type":"WebPage","@id":"https:\/\/aobosteel.com\/privacy-policy\/","url":"https:\/\/aobosteel.com\/privacy-policy\/","name":"Pol\u00edtica de privacidad - AoboSteel","isPartOf":{"@id":"https:\/\/aobosteel.com\/#website"},"datePublished":"2025-01-14T07:20:08+00:00","dateModified":"2025-11-07T08:49:59+00:00","breadcrumb":{"@id":"https:\/\/aobosteel.com\/privacy-policy\/#breadcrumb"},"inLanguage":"es","potentialAction":[{"@type":"ReadAction","target":["https:\/\/aobosteel.com\/privacy-policy\/"]}]},{"@type":"BreadcrumbList","@id":"https:\/\/aobosteel.com\/privacy-policy\/#breadcrumb","itemListElement":[{"@type":"ListItem","position":1,"name":"\u9996\u9875","item":"https:\/\/aobosteel.com\/"},{"@type":"ListItem","position":2,"name":"Privacy Policy"}]},{"@type":"WebSite","@id":"https:\/\/aobosteel.com\/#website","url":"https:\/\/aobosteel.com\/","name":"AoboSteel","description":"","publisher":{"@id":"https:\/\/aobosteel.com\/#organization"},"potentialAction":[{"@type":"SearchAction","target":{"@type":"EntryPoint","urlTemplate":"https:\/\/aobosteel.com\/?s={search_term_string}"},"query-input":{"@type":"PropertyValueSpecification","valueRequired":true,"valueName":"search_term_string"}}],"inLanguage":"es"},{"@type":"Organization","@id":"https:\/\/aobosteel.com\/#organization","name":"AoboSteel","url":"https:\/\/aobosteel.com\/","logo":{"@type":"ImageObject","inLanguage":"es","@id":"https:\/\/aobosteel.com\/#\/schema\/logo\/image\/","url":"https:\/\/aobosteel.com\/wp-content\/uploads\/2025\/01\/cropped-aobo-steel-1.avif","contentUrl":"https:\/\/aobosteel.com\/wp-content\/uploads\/2025\/01\/cropped-aobo-steel-1.avif","width":1052,"height":592,"caption":"AoboSteel"},"image":{"@id":"https:\/\/aobosteel.com\/#\/schema\/logo\/image\/"},"sameAs":["https:\/\/www.facebook.com\/profile.php?id=61565368220197","https:\/\/www.linkedin.com\/in\/aobosteel-evan\/"]},{"@type":"Person","@id":"https:\/\/aobosteel.com\/#\/schema\/person\/96118415c30ca6bb52eaf1127b052ef7","name":"Evan","image":{"@type":"ImageObject","inLanguage":"es","@id":"https:\/\/secure.gravatar.com\/avatar\/8e402f2e6f36093f0bf1855dbf79269cde23cd659c44eefdd7ecf7ff9c05786f?s=96&d=mm&r=g","url":"https:\/\/secure.gravatar.com\/avatar\/8e402f2e6f36093f0bf1855dbf79269cde23cd659c44eefdd7ecf7ff9c05786f?s=96&d=mm&r=g","contentUrl":"https:\/\/secure.gravatar.com\/avatar\/8e402f2e6f36093f0bf1855dbf79269cde23cd659c44eefdd7ecf7ff9c05786f?s=96&d=mm&r=g","caption":"Evan"},"sameAs":["http:\/\/www.aobosteel.com","https:\/\/www.facebook.com\/profile.php?id=61565368220197","https:\/\/www.instagram.com\/aobosteel\/","https:\/\/www.linkedin.com\/in\/aobosteel-evan\/","https:\/\/x.com\/AobosteelEvan","https:\/\/www.youtube.com\/@aobosteel"],"url":"https:\/\/aobosteel.com\/es\/author\/admin\/"}]}},"uagb_featured_image_src":{"full":false,"thumbnail":false,"medium":false,"medium_large":false,"large":false,"1536x1536":false,"2048x2048":false,"trp-custom-language-flag":false},"uagb_author_info":{"display_name":"Evan","author_link":"https:\/\/aobosteel.com\/es\/author\/admin\/"},"uagb_comment_info":0,"uagb_excerpt":"For:&nbsp;Aobo Steel (www.aobosteel.com)Last Updated:&nbsp;November 7, 2025 This Privacy Policy explains how Aobo Steel (&#8220;we,&#8221; &#8220;us,&#8221; or &#8220;our&#8221;) collects, uses, and protects the personal information you provide to us, particularly through our Google Ads Lead Forms. 1. Information We Collect When you submit a lead form to request a quotation or information, we collect the following&hellip;","rttpg_featured_image_url":null,"rttpg_author":{"display_name":"Evan","author_link":"https:\/\/aobosteel.com\/es\/author\/admin\/"},"rttpg_comment":0,"rttpg_category":null,"rttpg_excerpt":"For:&nbsp;Aobo Steel (www.aobosteel.com)Last Updated:&nbsp;November 7, 2025 This Privacy Policy explains how Aobo Steel (&#8220;we,&#8221; &#8220;us,&#8221; or &#8220;our&#8221;) collects, uses, and protects the personal information you provide to us, particularly through our Google Ads Lead Forms. 1. Information We Collect When you submit a lead form to request a quotation or information, we collect the following&hellip;","_links":{"self":[{"href":"https:\/\/aobosteel.com\/es\/wp-json\/wp\/v2\/pages\/3","targetHints":{"allow":["GET"]}}],"collection":[{"href":"https:\/\/aobosteel.com\/es\/wp-json\/wp\/v2\/pages"}],"about":[{"href":"https:\/\/aobosteel.com\/es\/wp-json\/wp\/v2\/types\/page"}],"author":[{"embeddable":true,"href":"https:\/\/aobosteel.com\/es\/wp-json\/wp\/v2\/users\/1"}],"replies":[{"embeddable":true,"href":"https:\/\/aobosteel.com\/es\/wp-json\/wp\/v2\/comments?post=3"}],"version-history":[{"count":3,"href":"https:\/\/aobosteel.com\/es\/wp-json\/wp\/v2\/pages\/3\/revisions"}],"predecessor-version":[{"id":10825,"href":"https:\/\/aobosteel.com\/es\/wp-json\/wp\/v2\/pages\/3\/revisions\/10825"}],"wp:attachment":[{"href":"https:\/\/aobosteel.com\/es\/wp-json\/wp\/v2\/media?parent=3"}],"curies":[{"name":"gracias","href":"https:\/\/api.w.org\/{rel}","templated":true}]}}